{"id":701,"date":"2023-09-12T22:34:55","date_gmt":"2023-09-12T22:34:55","guid":{"rendered":"https:\/\/www.caniem.org\/catalogo-venta-derechos\/?post_type=product&#038;p=701"},"modified":"2023-09-14T18:07:53","modified_gmt":"2023-09-14T18:07:53","slug":"im-ready-for-school-qr","status":"publish","type":"product","link":"https:\/\/www.caniem.org\/catalogo-venta-derechos\/product\/im-ready-for-school-qr\/","title":{"rendered":"I&#8217;m ready for school QR"},"content":{"rendered":"<p>.<\/p>\n","protected":false},"excerpt":{"rendered":"<table class=\"woocommerce-product-attributes shop_attributes\">\n<tbody>\n<tr class=\"woocommerce-product-attributes-item woocommerce-product-attributes-item--attribute_pa_autor\">\n<th class=\"woocommerce-product-attributes-item__label\">T\u00edtulo<\/th>\n<td class=\"woocommerce-product-attributes-item__value\">I&#8217;m ready for school QR<\/td>\n<\/tr>\n<tr class=\"woocommerce-product-attributes-item woocommerce-product-attributes-item--attribute_pa_autor\">\n<th class=\"woocommerce-product-attributes-item__label\">Autor<\/th>\n<td class=\"woocommerce-product-attributes-item__value\">Jeanne Nelson<br \/>\nHector Marin<\/td>\n<\/tr>\n<tr class=\"woocommerce-product-attributes-item woocommerce-product-attributes-item--attribute_pa_editorial\">\n<th class=\"woocommerce-product-attributes-item__label\">Editorial<\/th>\n<td class=\"woocommerce-product-attributes-item__value\">English for you<\/td>\n<\/tr>\n<tr class=\"woocommerce-product-attributes-item woocommerce-product-attributes-item--attribute_pa_sello-editorial\">\n<th class=\"woocommerce-product-attributes-item__label\">Sello editorial<\/th>\n<td class=\"woocommerce-product-attributes-item__value\">Sing in english<\/td>\n<\/tr>\n<tr class=\"woocommerce-product-attributes-item woocommerce-product-attributes-item--attribute_pa_isbn\">\n<th class=\"woocommerce-product-attributes-item__label\">ISBN<\/th>\n<td class=\"woocommerce-product-attributes-item__value\">9709706225<\/td>\n<\/tr>\n<tr class=\"woocommerce-product-attributes-item woocommerce-product-attributes-item--attribute_pa_numero-de-edicion\">\n<th class=\"woocommerce-product-attributes-item__label\">N\u00famero de edici\u00f3n<\/th>\n<td class=\"woocommerce-product-attributes-item__value\">2<\/td>\n<\/tr>\n<tr class=\"woocommerce-product-attributes-item woocommerce-product-attributes-item--attribute_pa_ano-de-publicacion\">\n<th class=\"woocommerce-product-attributes-item__label\">A\u00f1o de publicaci\u00f3n<\/th>\n<td class=\"woocommerce-product-attributes-item__value\">2013<\/td>\n<\/tr>\n<tr class=\"woocommerce-product-attributes-item woocommerce-product-attributes-item--attribute_pa_num-paginas\">\n<th class=\"woocommerce-product-attributes-item__label\">N\u00fam. P\u00e1ginas<\/th>\n<td class=\"woocommerce-product-attributes-item__value\">6<\/td>\n<\/tr>\n<tr class=\"woocommerce-product-attributes-item woocommerce-product-attributes-item--attribute_pa_formato\">\n<th class=\"woocommerce-product-attributes-item__label\">Formato<\/th>\n<td class=\"woocommerce-product-attributes-item__value\">Impreso<\/td>\n<\/tr>\n<tr class=\"woocommerce-product-attributes-item woocommerce-product-attributes-item--attribute_pa_thema\">\n<th class=\"woocommerce-product-attributes-item__label\">Tem\u00e1tica (THEMA) en espa\u00f1ol<\/th>\n<td class=\"woocommerce-product-attributes-item__value\">Lenguaje y ling\u00fc\u00edstica<\/td>\n<\/tr>\n<tr class=\"woocommerce-product-attributes-item woocommerce-product-attributes-item--attribute_pa_nombre-del-contacto\">\n<th class=\"woocommerce-product-attributes-item__label\">Sinopsis en espa\u00f1ol<\/th>\n<td class=\"woocommerce-product-attributes-item__value\" style=\"text-align: justify;\">Libro gigante con c\u00f3digo QR audio para practicar vocabulario en Ingl\u00e9s de una forma de juego. Se incluye gu\u00eda con el texto del audio, escrito en Ingl\u00e9s y Espa\u00f1ol.<\/td>\n<\/tr>\n<tr class=\"woocommerce-product-attributes-item woocommerce-product-attributes-item--attribute_pa_nombre-del-contacto\">\n<th class=\"woocommerce-product-attributes-item__label\">Nombre del contacto de venta de derechos<\/th>\n<td class=\"woocommerce-product-attributes-item__value\">H\u00e9ctor A. Mar\u00edn Heredia<\/td>\n<\/tr>\n<tr class=\"woocommerce-product-attributes-item woocommerce-product-attributes-item--attribute_pa_nombre-del-contacto\">\n<th class=\"woocommerce-product-attributes-item__label\">Correo electr\u00f3nico del contacto<\/th>\n<td class=\"woocommerce-product-attributes-item__value\">ventas@singinenglish.com<\/td>\n<\/tr>\n<\/tbody>\n<\/table>\n<p>&nbsp;<\/p>\n","protected":false},"featured_media":702,"template":"","meta":{"_coblocks_attr":"","_coblocks_dimensions":"","_coblocks_responsive_height":"","_coblocks_accordion_ie_support":""},"product_cat":[68],"product_tag":[],"_links":{"self":[{"href":"https:\/\/www.caniem.org\/catalogo-venta-derechos\/wp-json\/wp\/v2\/product\/701"}],"collection":[{"href":"https:\/\/www.caniem.org\/catalogo-venta-derechos\/wp-json\/wp\/v2\/product"}],"about":[{"href":"https:\/\/www.caniem.org\/catalogo-venta-derechos\/wp-json\/wp\/v2\/types\/product"}],"version-history":[{"count":0,"href":"https:\/\/www.caniem.org\/catalogo-venta-derechos\/wp-json\/wp\/v2\/product\/701\/revisions"}],"wp:featuredmedia":[{"embeddable":true,"href":"https:\/\/www.caniem.org\/catalogo-venta-derechos\/wp-json\/wp\/v2\/media\/702"}],"wp:attachment":[{"href":"https:\/\/www.caniem.org\/catalogo-venta-derechos\/wp-json\/wp\/v2\/media?parent=701"}],"wp:term":[{"taxonomy":"product_cat","embeddable":true,"href":"https:\/\/www.caniem.org\/catalogo-venta-derechos\/wp-json\/wp\/v2\/product_cat?post=701"},{"taxonomy":"product_tag","embeddable":true,"href":"https:\/\/www.caniem.org\/catalogo-venta-derechos\/wp-json\/wp\/v2\/product_tag?post=701"}],"curies":[{"name":"wp","href":"https:\/\/api.w.org\/{rel}","templated":true}]}}