{"id":3109,"date":"2025-03-09T20:35:48","date_gmt":"2025-03-09T20:35:48","guid":{"rendered":"https:\/\/www.caniem.org\/catalogo-venta-derechos\/?post_type=product&#038;p=3109"},"modified":"2025-03-09T20:36:52","modified_gmt":"2025-03-09T20:36:52","slug":"lenguas-y-mundos-guaranies-dialogos-y-reflexiones-desde-las-humanidades","status":"publish","type":"product","link":"https:\/\/www.caniem.org\/catalogo-venta-derechos\/product\/lenguas-y-mundos-guaranies-dialogos-y-reflexiones-desde-las-humanidades\/","title":{"rendered":"Lenguas y mundos guaran\u00edes. Di\u00e1logos y reflexiones desde las humanidades"},"content":{"rendered":"<p>.<\/p>\n","protected":false},"excerpt":{"rendered":"<table class=\"woocommerce-product-attributes shop_attributes\">\n<tbody>\n<tr class=\"woocommerce-product-attributes-item woocommerce-product-attributes-item--attribute_pa_autor\">\n<th class=\"woocommerce-product-attributes-item__label\">T\u00edtulo<\/th>\n<td class=\"woocommerce-product-attributes-item__value\"><span data-sheets-root=\"1\">Lenguas y mundos guaran\u00edes. Di\u00e1logos y reflexiones desde las humanidades<\/span><\/td>\n<\/tr>\n<tr class=\"woocommerce-product-attributes-item woocommerce-product-attributes-item--attribute_pa_autor\">\n<th class=\"woocommerce-product-attributes-item__label\">Autor<\/th>\n<td class=\"woocommerce-product-attributes-item__value\"><span data-sheets-root=\"1\">Silvina Paz; Rodrigo Villalba Rojas (eds.)<\/span><\/td>\n<\/tr>\n<tr class=\"woocommerce-product-attributes-item woocommerce-product-attributes-item--attribute_pa_editorial\">\n<th class=\"woocommerce-product-attributes-item__label\">Editorial<\/th>\n<td class=\"woocommerce-product-attributes-item__value\">Sb editorial<\/td>\n<\/tr>\n<tr class=\"woocommerce-product-attributes-item woocommerce-product-attributes-item--attribute_pa_sello-editorial\">\n<th class=\"woocommerce-product-attributes-item__label\">Sello editorial<\/th>\n<td class=\"woocommerce-product-attributes-item__value\">Sb editorial<\/td>\n<\/tr>\n<tr class=\"woocommerce-product-attributes-item woocommerce-product-attributes-item--attribute_pa_isbn\">\n<th class=\"woocommerce-product-attributes-item__label\">ISBN<\/th>\n<td class=\"woocommerce-product-attributes-item__value\"><span data-sheets-root=\"1\">9786316593467<\/span><\/td>\n<\/tr>\n<tr class=\"woocommerce-product-attributes-item woocommerce-product-attributes-item--attribute_pa_numero-de-edicion\">\n<th class=\"woocommerce-product-attributes-item__label\">N\u00famero de edici\u00f3n<\/th>\n<td class=\"woocommerce-product-attributes-item__value\"><span data-sheets-root=\"1\">1<\/span><\/td>\n<\/tr>\n<tr class=\"woocommerce-product-attributes-item woocommerce-product-attributes-item--attribute_pa_ano-de-publicacion\">\n<th class=\"woocommerce-product-attributes-item__label\">A\u00f1o de publicaci\u00f3n<\/th>\n<td class=\"woocommerce-product-attributes-item__value\"><span data-sheets-root=\"1\">2024<\/span><\/td>\n<\/tr>\n<tr class=\"woocommerce-product-attributes-item woocommerce-product-attributes-item--attribute_pa_num-paginas\">\n<th class=\"woocommerce-product-attributes-item__label\">N\u00fam. P\u00e1ginas<\/th>\n<td class=\"woocommerce-product-attributes-item__value\"><span data-sheets-root=\"1\">336<\/span><\/td>\n<\/tr>\n<tr class=\"woocommerce-product-attributes-item woocommerce-product-attributes-item--attribute_pa_formato\">\n<th class=\"woocommerce-product-attributes-item__label\">Formato<\/th>\n<td class=\"woocommerce-product-attributes-item__value\">Impreso<\/td>\n<\/tr>\n<tr class=\"woocommerce-product-attributes-item woocommerce-product-attributes-item--attribute_pa_thema\">\n<th class=\"woocommerce-product-attributes-item__label\">Tem\u00e1tica (THEMA) en espa\u00f1ol<\/th>\n<td class=\"woocommerce-product-attributes-item__value\"><span data-sheets-root=\"1\">Antropolog\u00eda social y cultural, etnograf\u00eda<\/span><\/td>\n<\/tr>\n<tr class=\"woocommerce-product-attributes-item woocommerce-product-attributes-item--attribute_pa_nombre-del-contacto\">\n<th class=\"woocommerce-product-attributes-item__label\">Sinopsis en espa\u00f1ol<\/th>\n<td class=\"woocommerce-product-attributes-item__value\" style=\"text-align: justify;\"><span data-sheets-root=\"1\">Esta obra re\u00fane investigaciones y ensayos de etnograf\u00eda, antropolog\u00eda, ling\u00fc\u00edstica, literatura y tipograf\u00eda que abordan el presente y pasado de las lenguas y sus hablantes. Se plantean problemas relacionados con la alfabetizaci\u00f3n, la revitalizaci\u00f3n, la redefinici\u00f3n de identidades y la circulaci\u00f3n y uso de las lenguas guaran\u00edes, con el fin de repensar imaginarios ling\u00fc\u00edsticos y reconocer el dinamismo y las constantes transformaciones de las comunidades hablantes.<\/span><\/td>\n<\/tr>\n<tr class=\"woocommerce-product-attributes-item woocommerce-product-attributes-item--attribute_pa_nombre-del-contacto\">\n<th class=\"woocommerce-product-attributes-item__label\">Nombre del contacto de venta de derechos<\/th>\n<td class=\"woocommerce-product-attributes-item__value\">Andr\u00e9s Telesca<\/td>\n<\/tr>\n<tr class=\"woocommerce-product-attributes-item woocommerce-product-attributes-item--attribute_pa_nombre-del-contacto\">\n<th class=\"woocommerce-product-attributes-item__label\">Correo electr\u00f3nico del contacto<\/th>\n<td class=\"woocommerce-product-attributes-item__value\">andres.telesca@editorialsb.com<\/td>\n<\/tr>\n<\/tbody>\n<\/table>\n<p>&nbsp;<\/p>\n","protected":false},"featured_media":3110,"template":"","meta":{"_coblocks_attr":"","_coblocks_dimensions":"","_coblocks_responsive_height":"","_coblocks_accordion_ie_support":""},"product_cat":[93],"product_tag":[],"_links":{"self":[{"href":"https:\/\/www.caniem.org\/catalogo-venta-derechos\/wp-json\/wp\/v2\/product\/3109"}],"collection":[{"href":"https:\/\/www.caniem.org\/catalogo-venta-derechos\/wp-json\/wp\/v2\/product"}],"about":[{"href":"https:\/\/www.caniem.org\/catalogo-venta-derechos\/wp-json\/wp\/v2\/types\/product"}],"version-history":[{"count":1,"href":"https:\/\/www.caniem.org\/catalogo-venta-derechos\/wp-json\/wp\/v2\/product\/3109\/revisions"}],"predecessor-version":[{"id":3111,"href":"https:\/\/www.caniem.org\/catalogo-venta-derechos\/wp-json\/wp\/v2\/product\/3109\/revisions\/3111"}],"wp:featuredmedia":[{"embeddable":true,"href":"https:\/\/www.caniem.org\/catalogo-venta-derechos\/wp-json\/wp\/v2\/media\/3110"}],"wp:attachment":[{"href":"https:\/\/www.caniem.org\/catalogo-venta-derechos\/wp-json\/wp\/v2\/media?parent=3109"}],"wp:term":[{"taxonomy":"product_cat","embeddable":true,"href":"https:\/\/www.caniem.org\/catalogo-venta-derechos\/wp-json\/wp\/v2\/product_cat?post=3109"},{"taxonomy":"product_tag","embeddable":true,"href":"https:\/\/www.caniem.org\/catalogo-venta-derechos\/wp-json\/wp\/v2\/product_tag?post=3109"}],"curies":[{"name":"wp","href":"https:\/\/api.w.org\/{rel}","templated":true}]}}