{"id":2633,"date":"2025-02-26T23:07:20","date_gmt":"2025-02-26T23:07:20","guid":{"rendered":"https:\/\/www.caniem.org\/catalogo-venta-derechos\/?post_type=product&#038;p=2633"},"modified":"2025-02-26T23:08:20","modified_gmt":"2025-02-26T23:08:20","slug":"monkey-boy","status":"publish","type":"product","link":"https:\/\/www.caniem.org\/catalogo-venta-derechos\/product\/monkey-boy\/","title":{"rendered":"Monkey boy"},"content":{"rendered":"<p>.<\/p>\n","protected":false},"excerpt":{"rendered":"<table class=\"woocommerce-product-attributes shop_attributes\">\n<tbody>\n<tr class=\"woocommerce-product-attributes-item woocommerce-product-attributes-item--attribute_pa_autor\">\n<th class=\"woocommerce-product-attributes-item__label\">T\u00edtulo<\/th>\n<td class=\"woocommerce-product-attributes-item__value\">Monkey boy<\/td>\n<\/tr>\n<tr class=\"woocommerce-product-attributes-item woocommerce-product-attributes-item--attribute_pa_autor\">\n<th class=\"woocommerce-product-attributes-item__label\">Autor<\/th>\n<td class=\"woocommerce-product-attributes-item__value\">Goldman, Francisco<\/td>\n<\/tr>\n<tr class=\"woocommerce-product-attributes-item woocommerce-product-attributes-item--attribute_pa_editorial\">\n<th class=\"woocommerce-product-attributes-item__label\">Editorial<\/th>\n<td class=\"woocommerce-product-attributes-item__value\">Almad\u00eda Ediciones, S. A. P. I. de C. V.<\/td>\n<\/tr>\n<tr class=\"woocommerce-product-attributes-item woocommerce-product-attributes-item--attribute_pa_sello-editorial\">\n<th class=\"woocommerce-product-attributes-item__label\">Sello editorial<\/th>\n<td class=\"woocommerce-product-attributes-item__value\">Almadia<\/td>\n<\/tr>\n<tr class=\"woocommerce-product-attributes-item woocommerce-product-attributes-item--attribute_pa_isbn\">\n<th class=\"woocommerce-product-attributes-item__label\">ISBN<\/th>\n<td class=\"woocommerce-product-attributes-item__value\">9786078851140<\/td>\n<\/tr>\n<tr class=\"woocommerce-product-attributes-item woocommerce-product-attributes-item--attribute_pa_numero-de-edicion\">\n<th class=\"woocommerce-product-attributes-item__label\">N\u00famero de edici\u00f3n<\/th>\n<td class=\"woocommerce-product-attributes-item__value\">1<\/td>\n<\/tr>\n<tr class=\"woocommerce-product-attributes-item woocommerce-product-attributes-item--attribute_pa_ano-de-publicacion\">\n<th class=\"woocommerce-product-attributes-item__label\">A\u00f1o de publicaci\u00f3n<\/th>\n<td class=\"woocommerce-product-attributes-item__value\">2022<\/td>\n<\/tr>\n<tr class=\"woocommerce-product-attributes-item woocommerce-product-attributes-item--attribute_pa_num-paginas\">\n<th class=\"woocommerce-product-attributes-item__label\">N\u00fam. P\u00e1ginas<\/th>\n<td class=\"woocommerce-product-attributes-item__value\">384<\/td>\n<\/tr>\n<tr class=\"woocommerce-product-attributes-item woocommerce-product-attributes-item--attribute_pa_formato\">\n<th class=\"woocommerce-product-attributes-item__label\">Formato<\/th>\n<td class=\"woocommerce-product-attributes-item__value\">Impreso<\/td>\n<\/tr>\n<tr class=\"woocommerce-product-attributes-item woocommerce-product-attributes-item--attribute_pa_thema\">\n<th class=\"woocommerce-product-attributes-item__label\">Tem\u00e1tica (THEMA) en espa\u00f1ol<\/th>\n<td class=\"woocommerce-product-attributes-item__value\">Ficci\u00f3n y temas afines<\/td>\n<\/tr>\n<tr class=\"woocommerce-product-attributes-item woocommerce-product-attributes-item--attribute_pa_nombre-del-contacto\">\n<th class=\"woocommerce-product-attributes-item__label\">Sinopsis en espa\u00f1ol<\/th>\n<td class=\"woocommerce-product-attributes-item__value\" style=\"text-align: justify;\">Como una tard\u00eda ventisca invernal, los recuerdos se abalanzan sobre la mente de Francisco (Frankie) Goldberg, protagonista de esta historia, mientras viaja en tren de Nueva York a Boston, su ciudad natal. Obligado a regresar a Norteam\u00e9rica como consecuencia de una feroz persecuci\u00f3n pol\u00edtica, la marcada distancia que ha construido respecto a su familia se desvanece s\u00fabitamente. Ahora va al encuentro de su madre, su hermana, un amor escolar interrumpido y, tambi\u00e9n, de las cicatrices que crecer en el noreste americano deja en un ni\u00f1o de padre ruso jud\u00edo y madre guatemalteca cat\u00f3lica. Conmovedora, divertida y perturbadora por igual, Monkey Boy despliega un entramado de temporalidades que hace patente la imposibilidad de un pasado inamovible, mientras pone de relieve las omisiones con las que construimos los relatos que contamos sobre nosotros mismos. En esta novela, Francisco Goldman ha escrito una brillante reflexi\u00f3n y una n\u00edtida radiograf\u00eda sobre la identidad individual y colectiva de un pa\u00eds que, como muchos, es habitado por personas de m\u00faltiples or\u00edgenes geogr\u00e1ficos y culturales. Pero, sobre todo, este libro es una celebraci\u00f3n de la fortaleza femenina, sin la que sortear las infancias m\u00e1s turbulentas ser\u00eda pr\u00e1cticamente imposible<\/td>\n<\/tr>\n<tr class=\"woocommerce-product-attributes-item woocommerce-product-attributes-item--attribute_pa_nombre-del-contacto\">\n<th class=\"woocommerce-product-attributes-item__label\">Nombre del contacto de venta de derechos<\/th>\n<td class=\"woocommerce-product-attributes-item__value\">Elizabet Osorio Osorio<\/td>\n<\/tr>\n<tr class=\"woocommerce-product-attributes-item woocommerce-product-attributes-item--attribute_pa_nombre-del-contacto\">\n<th class=\"woocommerce-product-attributes-item__label\">Correo electr\u00f3nico del contacto<\/th>\n<td class=\"woocommerce-product-attributes-item__value\">eosorio@corporativoventura.mx<\/td>\n<\/tr>\n<\/tbody>\n<\/table>\n<p>&nbsp;<\/p>\n","protected":false},"featured_media":2634,"template":"","meta":{"_coblocks_attr":"","_coblocks_dimensions":"","_coblocks_responsive_height":"","_coblocks_accordion_ie_support":""},"product_cat":[94],"product_tag":[],"_links":{"self":[{"href":"https:\/\/www.caniem.org\/catalogo-venta-derechos\/wp-json\/wp\/v2\/product\/2633"}],"collection":[{"href":"https:\/\/www.caniem.org\/catalogo-venta-derechos\/wp-json\/wp\/v2\/product"}],"about":[{"href":"https:\/\/www.caniem.org\/catalogo-venta-derechos\/wp-json\/wp\/v2\/types\/product"}],"version-history":[{"count":1,"href":"https:\/\/www.caniem.org\/catalogo-venta-derechos\/wp-json\/wp\/v2\/product\/2633\/revisions"}],"predecessor-version":[{"id":2635,"href":"https:\/\/www.caniem.org\/catalogo-venta-derechos\/wp-json\/wp\/v2\/product\/2633\/revisions\/2635"}],"wp:featuredmedia":[{"embeddable":true,"href":"https:\/\/www.caniem.org\/catalogo-venta-derechos\/wp-json\/wp\/v2\/media\/2634"}],"wp:attachment":[{"href":"https:\/\/www.caniem.org\/catalogo-venta-derechos\/wp-json\/wp\/v2\/media?parent=2633"}],"wp:term":[{"taxonomy":"product_cat","embeddable":true,"href":"https:\/\/www.caniem.org\/catalogo-venta-derechos\/wp-json\/wp\/v2\/product_cat?post=2633"},{"taxonomy":"product_tag","embeddable":true,"href":"https:\/\/www.caniem.org\/catalogo-venta-derechos\/wp-json\/wp\/v2\/product_tag?post=2633"}],"curies":[{"name":"wp","href":"https:\/\/api.w.org\/{rel}","templated":true}]}}