{"id":1497,"date":"2023-09-21T22:23:10","date_gmt":"2023-09-21T22:23:10","guid":{"rendered":"https:\/\/www.caniem.org\/catalogo-venta-derechos\/?post_type=product&#038;p=1497"},"modified":"2023-09-21T22:30:04","modified_gmt":"2023-09-21T22:30:04","slug":"gigante-a-la-orilla","status":"publish","type":"product","link":"https:\/\/www.caniem.org\/catalogo-venta-derechos\/product\/gigante-a-la-orilla\/","title":{"rendered":"Gigante a la orilla"},"content":{"rendered":"<p>.<\/p>\n","protected":false},"excerpt":{"rendered":"<table class=\"woocommerce-product-attributes shop_attributes\">\n<tbody>\n<tr class=\"woocommerce-product-attributes-item woocommerce-product-attributes-item--attribute_pa_autor\">\n<th class=\"woocommerce-product-attributes-item__label\">T\u00edtulo<\/th>\n<td class=\"woocommerce-product-attributes-item__value\">Gigante a la orilla<\/td>\n<\/tr>\n<tr class=\"woocommerce-product-attributes-item woocommerce-product-attributes-item--attribute_pa_autor\">\n<th class=\"woocommerce-product-attributes-item__label\">Autor<\/th>\n<td class=\"woocommerce-product-attributes-item__value\">Ochoa, Alfonso<\/td>\n<\/tr>\n<tr class=\"woocommerce-product-attributes-item woocommerce-product-attributes-item--attribute_pa_editorial\">\n<th class=\"woocommerce-product-attributes-item__label\">Editorial<\/th>\n<td class=\"woocommerce-product-attributes-item__value\">Alboroto Ediciones, S. A. de C. V. &#8211; Alboroto Ediciones<\/td>\n<\/tr>\n<tr class=\"woocommerce-product-attributes-item woocommerce-product-attributes-item--attribute_pa_sello-editorial\">\n<th class=\"woocommerce-product-attributes-item__label\">Sello editorial<\/th>\n<td class=\"woocommerce-product-attributes-item__value\">Alboroto ediciones<\/td>\n<\/tr>\n<tr class=\"woocommerce-product-attributes-item woocommerce-product-attributes-item--attribute_pa_isbn\">\n<th class=\"woocommerce-product-attributes-item__label\">ISBN<\/th>\n<td class=\"woocommerce-product-attributes-item__value\">9786079951894<\/td>\n<\/tr>\n<tr class=\"woocommerce-product-attributes-item woocommerce-product-attributes-item--attribute_pa_numero-de-edicion\">\n<th class=\"woocommerce-product-attributes-item__label\">N\u00famero de edici\u00f3n<\/th>\n<td class=\"woocommerce-product-attributes-item__value\">1<\/td>\n<\/tr>\n<tr class=\"woocommerce-product-attributes-item woocommerce-product-attributes-item--attribute_pa_ano-de-publicacion\">\n<th class=\"woocommerce-product-attributes-item__label\">A\u00f1o de publicaci\u00f3n<\/th>\n<td class=\"woocommerce-product-attributes-item__value\">2022<\/td>\n<\/tr>\n<tr class=\"woocommerce-product-attributes-item woocommerce-product-attributes-item--attribute_pa_num-paginas\">\n<th class=\"woocommerce-product-attributes-item__label\">N\u00fam. P\u00e1ginas<\/th>\n<td class=\"woocommerce-product-attributes-item__value\">40<\/td>\n<\/tr>\n<tr class=\"woocommerce-product-attributes-item woocommerce-product-attributes-item--attribute_pa_formato\">\n<th class=\"woocommerce-product-attributes-item__label\">Formato<\/th>\n<td class=\"woocommerce-product-attributes-item__value\">Impreso<\/td>\n<\/tr>\n<tr class=\"woocommerce-product-attributes-item woocommerce-product-attributes-item--attribute_pa_thema\">\n<th class=\"woocommerce-product-attributes-item__label\">Tem\u00e1tica (THEMA) en espa\u00f1ol<\/th>\n<td class=\"woocommerce-product-attributes-item__value\">Ficci\u00f3n infantil\/juvenil: ficci\u00f3n general, Grupos por edades: infancia, -Psicolog\u00eda infantil y evolutiva\/del desarrollo, &#8211; Infantil\/juvenil, cuestiones personales y sociales: salud mental, &#8211; Infantil\/juvenil, cuestiones personales y sociales: ansiedad, depresi\u00f3n y autolesiones<\/td>\n<\/tr>\n<tr class=\"woocommerce-product-attributes-item woocommerce-product-attributes-item--attribute_pa_nombre-del-contacto\">\n<th class=\"woocommerce-product-attributes-item__label\">Sinopsis en espa\u00f1ol<\/th>\n<td class=\"woocommerce-product-attributes-item__value\" style=\"text-align: justify;\">M\u00e1s all\u00e1 del mar existe una isla, un pa\u00eds al que todos deseamos llegar. Son muchas las bondades de este sitio, donde las monta\u00f1as abrigan luminosas cascadas y los pueblos parecen estar detenidos en el tiempo. Es un lugar m\u00edtico donde es posible hallar felicidad. Tal vez, si logras cruzar las barreras que devuelven las olas, si no temes adentrarte en ese territorio desconocido\u2026 Un gigante llega flotando a las costas, por un momento se levanta, dejas sus huellas en la arena y observa\u2026 \u00bfSe animar\u00e1 a entrar o volver\u00e1 sus pasos? Historia que nos habla de las decisiones que muchas veces nos detienen en el camino, quiz\u00e1s nunca sabremos lo que perdemos si dejamos de abrir algunas puertas o aquello que encontremos al abrirlas. El curso de la existencia nos enfrenta muchas veces a dilemas que marcan un giro en nuestras vidas. Algunas experiencias pueden significar la entrada a un espacio simb\u00f3lico, donde el deseo puede atraparnos y hacernos perder. Las ilustraciones de Andr\u00e9s L\u00f3pez, ganadoras del premio SM de ilustraci\u00f3n BCBF 2022, despliegan una geograf\u00eda ex\u00f3tica, que combina la exuberancia del tr\u00f3pico con la nostalgia del pasado. El mar, el cielo y la arena, vistos desde arriba, nos ofrecen la estatura de un ser que observa ese mundo peque\u00f1o con inter\u00e9s y se detiene justo en ese momento que est\u00e1 por adentrarse en su territorio. El mar, sereno e inabarcable, aporta en esta historia un simbolismo especial, porque deja abiertas las fronteras hacia un destino inalcanzable, como si esta isla marcara apenas un alto en el camino. Muchos libros nos invitan a recorrer pa\u00edses muy personales, como el de la infancia, donde muchos recuerdos atrapan nuestra memoria. \u00bfQu\u00e9 forma tiene en nuestra imaginaci\u00f3n ese lugar id\u00edlico donde podemos encontrarnos y empezar a escribir la historia de nuestra vida? \u00bfC\u00f3mo sabemos que hemos hallado ese lugar preciso? Gigante en la orilla es un libro que causa extra\u00f1eza y despierta interrogantes, adem\u00e1s de sumergirnos en un viaje que es f\u00edsico y emocional, hacia el interior de nosotros mismos eternos migrantes en la inc\u00f3gnita traves\u00eda que es la vida. Sus p\u00e1ginas extienden hermosos escenarios que invitan al lector a seguir el curso de este recorrido, a tomar de la mano ese ser fuerte y grande que persigue el mismo anhelo y tiene las mismas dudas que todos los seres humanos.<\/td>\n<\/tr>\n<tr class=\"woocommerce-product-attributes-item woocommerce-product-attributes-item--attribute_pa_nombre-del-contacto\">\n<th class=\"woocommerce-product-attributes-item__label\">Nombre del contacto de venta de derechos<\/th>\n<td class=\"woocommerce-product-attributes-item__value\">M\u00f3nica V\u00e1zquez<\/td>\n<\/tr>\n<tr class=\"woocommerce-product-attributes-item woocommerce-product-attributes-item--attribute_pa_nombre-del-contacto\">\n<th class=\"woocommerce-product-attributes-item__label\">Correo electr\u00f3nico del contacto<\/th>\n<td class=\"woocommerce-product-attributes-item__value\">monica@alborotoediciones.com<\/td>\n<\/tr>\n<\/tbody>\n<\/table>\n<p>&nbsp;<\/p>\n","protected":false},"featured_media":1500,"template":"","meta":{"_coblocks_attr":"","_coblocks_dimensions":"","_coblocks_responsive_height":"","_coblocks_accordion_ie_support":""},"product_cat":[77],"product_tag":[],"_links":{"self":[{"href":"https:\/\/www.caniem.org\/catalogo-venta-derechos\/wp-json\/wp\/v2\/product\/1497"}],"collection":[{"href":"https:\/\/www.caniem.org\/catalogo-venta-derechos\/wp-json\/wp\/v2\/product"}],"about":[{"href":"https:\/\/www.caniem.org\/catalogo-venta-derechos\/wp-json\/wp\/v2\/types\/product"}],"version-history":[{"count":0,"href":"https:\/\/www.caniem.org\/catalogo-venta-derechos\/wp-json\/wp\/v2\/product\/1497\/revisions"}],"wp:featuredmedia":[{"embeddable":true,"href":"https:\/\/www.caniem.org\/catalogo-venta-derechos\/wp-json\/wp\/v2\/media\/1500"}],"wp:attachment":[{"href":"https:\/\/www.caniem.org\/catalogo-venta-derechos\/wp-json\/wp\/v2\/media?parent=1497"}],"wp:term":[{"taxonomy":"product_cat","embeddable":true,"href":"https:\/\/www.caniem.org\/catalogo-venta-derechos\/wp-json\/wp\/v2\/product_cat?post=1497"},{"taxonomy":"product_tag","embeddable":true,"href":"https:\/\/www.caniem.org\/catalogo-venta-derechos\/wp-json\/wp\/v2\/product_tag?post=1497"}],"curies":[{"name":"wp","href":"https:\/\/api.w.org\/{rel}","templated":true}]}}