{"id":1491,"date":"2023-09-21T22:14:54","date_gmt":"2023-09-21T22:14:54","guid":{"rendered":"https:\/\/www.caniem.org\/catalogo-venta-derechos\/?post_type=product&#038;p=1491"},"modified":"2023-09-21T22:16:25","modified_gmt":"2023-09-21T22:16:25","slug":"proyecto-toshima","status":"publish","type":"product","link":"https:\/\/www.caniem.org\/catalogo-venta-derechos\/product\/proyecto-toshima\/","title":{"rendered":"Proyecto Toshima"},"content":{"rendered":"<p>.<\/p>\n","protected":false},"excerpt":{"rendered":"<table class=\"woocommerce-product-attributes shop_attributes\">\n<tbody>\n<tr class=\"woocommerce-product-attributes-item woocommerce-product-attributes-item--attribute_pa_autor\">\n<th class=\"woocommerce-product-attributes-item__label\">T\u00edtulo<\/th>\n<td class=\"woocommerce-product-attributes-item__value\">Proyecto Toshima<\/td>\n<\/tr>\n<tr class=\"woocommerce-product-attributes-item woocommerce-product-attributes-item--attribute_pa_autor\">\n<th class=\"woocommerce-product-attributes-item__label\">Autor<\/th>\n<td class=\"woocommerce-product-attributes-item__value\">Ferrada, Mar\u00eda Jos\u00e9<\/td>\n<\/tr>\n<tr class=\"woocommerce-product-attributes-item woocommerce-product-attributes-item--attribute_pa_editorial\">\n<th class=\"woocommerce-product-attributes-item__label\">Editorial<\/th>\n<td class=\"woocommerce-product-attributes-item__value\">Alboroto Ediciones, S. A. de C. V. &#8211; Alboroto Ediciones<\/td>\n<\/tr>\n<tr class=\"woocommerce-product-attributes-item woocommerce-product-attributes-item--attribute_pa_sello-editorial\">\n<th class=\"woocommerce-product-attributes-item__label\">Sello editorial<\/th>\n<td class=\"woocommerce-product-attributes-item__value\">Alboroto ediciones<\/td>\n<\/tr>\n<tr class=\"woocommerce-product-attributes-item woocommerce-product-attributes-item--attribute_pa_isbn\">\n<th class=\"woocommerce-product-attributes-item__label\">ISBN<\/th>\n<td class=\"woocommerce-product-attributes-item__value\">9786079927769<\/td>\n<\/tr>\n<tr class=\"woocommerce-product-attributes-item woocommerce-product-attributes-item--attribute_pa_numero-de-edicion\">\n<th class=\"woocommerce-product-attributes-item__label\">N\u00famero de edici\u00f3n<\/th>\n<td class=\"woocommerce-product-attributes-item__value\">1<\/td>\n<\/tr>\n<tr class=\"woocommerce-product-attributes-item woocommerce-product-attributes-item--attribute_pa_ano-de-publicacion\">\n<th class=\"woocommerce-product-attributes-item__label\">A\u00f1o de publicaci\u00f3n<\/th>\n<td class=\"woocommerce-product-attributes-item__value\">2022<\/td>\n<\/tr>\n<tr class=\"woocommerce-product-attributes-item woocommerce-product-attributes-item--attribute_pa_num-paginas\">\n<th class=\"woocommerce-product-attributes-item__label\">N\u00fam. P\u00e1ginas<\/th>\n<td class=\"woocommerce-product-attributes-item__value\">120<\/td>\n<\/tr>\n<tr class=\"woocommerce-product-attributes-item woocommerce-product-attributes-item--attribute_pa_formato\">\n<th class=\"woocommerce-product-attributes-item__label\">Formato<\/th>\n<td class=\"woocommerce-product-attributes-item__value\">Impreso<\/td>\n<\/tr>\n<tr class=\"woocommerce-product-attributes-item woocommerce-product-attributes-item--attribute_pa_thema\">\n<th class=\"woocommerce-product-attributes-item__label\">Tem\u00e1tica (THEMA) en espa\u00f1ol<\/th>\n<td class=\"woocommerce-product-attributes-item__value\">Ciencia ficci\u00f3n: futuro cercano<\/td>\n<\/tr>\n<tr class=\"woocommerce-product-attributes-item woocommerce-product-attributes-item--attribute_pa_nombre-del-contacto\">\n<th class=\"woocommerce-product-attributes-item__label\">Sinopsis en espa\u00f1ol<\/th>\n<td class=\"woocommerce-product-attributes-item__value\" style=\"text-align: justify;\">\u00bfC\u00f3mo pueden recuperarse los recuerdos y de qu\u00e9 manera azarosa se ordenan en el tiempo? El proyecto de alimentar al sistema ALBA de inteligencia artificial arroja distintas reflexiones sobre c\u00f3mo los seres humanos almacenamos experiencias y emociones, pero tambi\u00e9n c\u00f3mo existe una memoria colectiva que guarda el ADN de la humanidad\u2026 \u00bfpodr\u00e1 este experimento dotar a la inteligencia artificial de suficientes memorias para replicar lo verdaderamente humano? Este libro transita las aguas de lo filos\u00f3fico y la ciencia ficci\u00f3n, y re\u00fane en un plano narrativo una serie de recuerdos que capturan la manera de evocar el pasado, mientras que en otro plano alterna los avances y hallazgos que se van logrando durante el desarrollo del proyecto Toshima. Reflexiones sobre el modo como el fluye el tiempo, sobre la mezcla a veces confusa de im\u00e1genes que almacenamos, sobre el gen que se ha trasmitido en la memoria colectiva y los avances que pueden dotar de vida propia a las m\u00e1quinas, generan inquietud sobre ciertos bordes de la existencia. En un lenguaje po\u00e9tico, Mar\u00eda Jos\u00e9 Ferrada se interna en laberintos del pasado que atrapan instantes significativos de cada uno de los donantes de este proyecto cient\u00edfico, im\u00e1genes que se hacen v\u00edvidas: la luz que se impregna en la escena, un sentimiento extra\u00f1o o un sonido que parece multiplicarse. Dos colores, azul y rojo, fusionan todo este tejido de palabras, las del rigor y las de la imprecisi\u00f3n, que encuentran eco en las ilustraciones de dos manos que se juntan, se separan, se conectan como cables de un mecanismo que establece nexos entre dos lenguajes, el de las ciencias y el de la poes\u00eda. En su conjunto la obra se aproxima a un precipicio, el de la suplantaci\u00f3n de los seres humanos. \u00bfEspeculaci\u00f3n o realidad inminente? Los recuerdos activan los logaritmos capaces de reproducir el lejano arquetipo de rudimentarias manos pintadas en las cuevas rupestres, de llegar a los or\u00edgenes mismos del arte y de la humanidad. Las m\u00e1quinas que pueden dominar el futuro se alimentan de aquello que las personas han relegado en zonas muy rec\u00f3nditas del pasado. Lo artificial y lo humano son dos manos que se juntan, que se abrazan, que replican la paradoja del tiempo como una l\u00ednea que se repite o como un c\u00edrculo que vuelve sobre s\u00ed mismo. Lectura que deja inquieto al lector y promete conversaciones sobre las grandes preguntas.<\/td>\n<\/tr>\n<tr class=\"woocommerce-product-attributes-item woocommerce-product-attributes-item--attribute_pa_nombre-del-contacto\">\n<th class=\"woocommerce-product-attributes-item__label\">Nombre del contacto de venta de derechos<\/th>\n<td class=\"woocommerce-product-attributes-item__value\">M\u00f3nica V\u00e1zquez<\/td>\n<\/tr>\n<tr class=\"woocommerce-product-attributes-item woocommerce-product-attributes-item--attribute_pa_nombre-del-contacto\">\n<th class=\"woocommerce-product-attributes-item__label\">Correo electr\u00f3nico del contacto<\/th>\n<td class=\"woocommerce-product-attributes-item__value\">monica@alborotoediciones.com<\/td>\n<\/tr>\n<\/tbody>\n<\/table>\n<p>&nbsp;<\/p>\n","protected":false},"featured_media":1492,"template":"","meta":{"_coblocks_attr":"","_coblocks_dimensions":"","_coblocks_responsive_height":"","_coblocks_accordion_ie_support":""},"product_cat":[77],"product_tag":[],"_links":{"self":[{"href":"https:\/\/www.caniem.org\/catalogo-venta-derechos\/wp-json\/wp\/v2\/product\/1491"}],"collection":[{"href":"https:\/\/www.caniem.org\/catalogo-venta-derechos\/wp-json\/wp\/v2\/product"}],"about":[{"href":"https:\/\/www.caniem.org\/catalogo-venta-derechos\/wp-json\/wp\/v2\/types\/product"}],"version-history":[{"count":0,"href":"https:\/\/www.caniem.org\/catalogo-venta-derechos\/wp-json\/wp\/v2\/product\/1491\/revisions"}],"wp:featuredmedia":[{"embeddable":true,"href":"https:\/\/www.caniem.org\/catalogo-venta-derechos\/wp-json\/wp\/v2\/media\/1492"}],"wp:attachment":[{"href":"https:\/\/www.caniem.org\/catalogo-venta-derechos\/wp-json\/wp\/v2\/media?parent=1491"}],"wp:term":[{"taxonomy":"product_cat","embeddable":true,"href":"https:\/\/www.caniem.org\/catalogo-venta-derechos\/wp-json\/wp\/v2\/product_cat?post=1491"},{"taxonomy":"product_tag","embeddable":true,"href":"https:\/\/www.caniem.org\/catalogo-venta-derechos\/wp-json\/wp\/v2\/product_tag?post=1491"}],"curies":[{"name":"wp","href":"https:\/\/api.w.org\/{rel}","templated":true}]}}