{"id":1766,"date":"2024-07-08T18:44:36","date_gmt":"2024-07-08T18:44:36","guid":{"rendered":"https:\/\/www.caniem.org\/catalogo-venta-derechos\/?page_id=1766"},"modified":"2024-08-24T18:00:40","modified_gmt":"2024-08-24T18:00:40","slug":"acerca-de","status":"publish","type":"page","link":"https:\/\/www.caniem.org\/catalogo-venta-derechos\/acerca-de\/","title":{"rendered":"Acerca de"},"content":{"rendered":"\t\t<div data-elementor-type=\"wp-page\" data-elementor-id=\"1766\" class=\"elementor elementor-1766\">\n\t\t\t\t\t\t<section class=\"elementor-section elementor-top-section elementor-element elementor-element-00884fb elementor-section-boxed elementor-section-height-default elementor-section-height-default\" data-id=\"00884fb\" data-element_type=\"section\">\n\t\t\t\t\t\t<div class=\"elementor-container elementor-column-gap-default\">\n\t\t\t\t\t<div class=\"elementor-column elementor-col-100 elementor-top-column elementor-element elementor-element-1367d58\" data-id=\"1367d58\" data-element_type=\"column\">\n\t\t\t<div class=\"elementor-widget-wrap elementor-element-populated\">\n\t\t\t\t\t\t<div class=\"elementor-element elementor-element-b99895d elementor-widget elementor-widget-eael-adv-tabs\" data-id=\"b99895d\" data-element_type=\"widget\" data-widget_type=\"eael-adv-tabs.default\">\n\t\t\t\t<div class=\"elementor-widget-container\">\n\t\t\t        <div data-scroll-on-click=\"no\" data-scroll-speed=\"300\" id=\"eael-advance-tabs-b99895d\" class=\"eael-advance-tabs eael-tabs-horizontal  \" data-tabid=\"b99895d\">\n            <div class=\"eael-tabs-nav\">\n                <ul class=\"\" role=\"tablist\">\n                                            <li id=\"qu-es\" class=\" eael-tab-item-trigger\" aria-selected=\"true\" data-tab=\"1\" role=\"tab\" tabindex=\"0\" aria-controls=\"qu-es-tab\" aria-expanded=\"false\">\n                            \n                            \n                            \n                                                            <span class=\"eael-tab-title  title-after-icon\">\u00bfQu\u00e9 es?<\/span>                                                    <\/li>\n                                            <li id=\"dnde-se-promueve\" class=\"inactive eael-tab-item-trigger\" aria-selected=\"false\" data-tab=\"2\" role=\"tab\" tabindex=\"-1\" aria-controls=\"dnde-se-promueve-tab\" aria-expanded=\"false\">\n                            \n                            \n                            \n                                                            <span class=\"eael-tab-title  title-after-icon\">\u00bfD\u00f3nde se promueve?<\/span>                                                    <\/li>\n                                            <li id=\"por-qu-participar\" class=\"inactive eael-tab-item-trigger\" aria-selected=\"false\" data-tab=\"3\" role=\"tab\" tabindex=\"-1\" aria-controls=\"por-qu-participar-tab\" aria-expanded=\"false\">\n                            \n                            \n                            \n                                                            <span class=\"eael-tab-title  title-after-icon\">\u00bfPor qu\u00e9 participar?<\/span>                                                    <\/li>\n                                            <li id=\"cmo-aprovechar-el-catlogo\" class=\"inactive eael-tab-item-trigger\" aria-selected=\"false\" data-tab=\"4\" role=\"tab\" tabindex=\"-1\" aria-controls=\"cmo-aprovechar-el-catlogo-tab\" aria-expanded=\"false\">\n                            \n                            \n                            \n                                                            <span class=\"eael-tab-title  title-after-icon\">\u00bfC\u00f3mo aprovechar el Cat\u00e1logo?<\/span>                                                    <\/li>\n                                    <\/ul>\n            <\/div>\n            \n            <div class=\"eael-tabs-content\">\n\t\t        \n                    <div id=\"qu-es-tab\" class=\"clearfix eael-tab-content-item \" data-title-link=\"qu-es-tab\">\n\t\t\t\t        \t\t\t\t\t        <p style=\"text-align: justify; font-family: 'Helvetica'; font-size: 16px;\">El Cat\u00e1logo de venta de derechos CANIEM concentra la informaci\u00f3n clave de las\nobras, editadas por nuestros afiliados, que est\u00e1n disponibles para su\ncomercializaci\u00f3n, traducci\u00f3n y adaptaciones a otros formatos en M\u00e9xico y el\nextranjero.\nEste cat\u00e1logo re\u00fane informaci\u00f3n estrat\u00e9gica que nos permite maximizar el alcance\ne impacto de los t\u00edtulos, a la vez que potencializa sus oportunidades de\ncomercializaci\u00f3n y expansi\u00f3n en el mercado global.<\/p>\t\t\t\t                            <\/div>\n\t\t        \n                    <div id=\"dnde-se-promueve-tab\" class=\"clearfix eael-tab-content-item inactive\" data-title-link=\"dnde-se-promueve-tab\">\n\t\t\t\t        \t\t\t\t\t        <p style=\"text-align: justify; font-family: 'Helvetica'; font-size: 16px;\">El Cat\u00e1logo de venta de derechos CANIEM es actualizado cada a\u00f1o y forma parte\nde nuestro trabajo de promoci\u00f3n en diversos eventos internacionales como son la\nFeria del Libro Infantil de Bolonia, Feria del Libro de Londres, Feria del Libro de\nFr\u00e1ncfort o Feria Internacional del Libro de Guadalajara, entre otros.<\/p>\t\t\t\t                            <\/div>\n\t\t        \n                    <div id=\"por-qu-participar-tab\" class=\"clearfix eael-tab-content-item inactive\" data-title-link=\"por-qu-participar-tab\">\n\t\t\t\t        \t\t\t\t\t        <ul style=\"text-align: justify; font-family: 'Helvetica'; font-size: 16px;\">\n \t<li><strong>Promoci\u00f3n de t\u00edtulos:<\/strong> El cat\u00e1logo de derechos te permite presentar tus\nt\u00edtulos a potenciales interesados como son otras editoriales, agentes\nliterarios, productores de cine y televisi\u00f3n, etc.<\/li>\n \t<li><strong>Expansi\u00f3n de mercado:<\/strong> Facilita el conocimiento de tus t\u00edtulos en nuevos\nmercados geogr\u00e1ficos y ling\u00fc\u00edsticos, al permitir que editoriales extranjeras\neval\u00faen y adquieran los derechos para traducir y publicar los libros en sus\nrespectivos idiomas y regiones.<\/li>\n \t<li><strong>Aumento de ingresos:<\/strong> La venta de derechos de autor es una fuente de\ningresos adicionales para tu editorial. La venta de derechos puede incluir\ntraducci\u00f3n, adaptaci\u00f3n cinematogr\u00e1fica, audiolibros, derechos digitales,\nentre otros.<\/li>\n \t<li><strong>Fortalecimiento de relaciones comerciales:<\/strong> Ayuda al establecimiento y\nmantenimiento de relaciones comerciales con socios internacionales, lo\ncual es de gran importancia para el crecimiento y la diversificaci\u00f3n de la\noferta editorial.<\/li>\n \t<li><strong>Visibilidad y reconocimiento de autores:<\/strong> Permite que tus autores capten\nmayor visibilidad a nivel internacional, fortaleciendo su reconocimiento y\nllevando su trabajo a una audiencia global.<\/li>\n \t<li><strong>Eficiencia en negociaciones:<\/strong> Este instrumento facilita las negociaciones al\nproporcionar informaci\u00f3n clave y estrat\u00e9gica sobre los t\u00edtulos en venta:\nsinopsis, clasificaci\u00f3n tem\u00e1tica, autor, nombre de la editorial, formato,\ntama\u00f1o, etc.<\/li>\n \t<li><strong>Participaci\u00f3n en Ferias del libro y otros eventos especializados:<\/strong> Es\nherramienta para tu participaci\u00f3n en ferias del libro internacionales y foros\nespecializados para profesionales de la edici\u00f3n. Con el Cat\u00e1logo de\nderechos CANIEM se presentan t\u00edtulos a gran n\u00famero de potenciales\ncompradores de manera organizada y profesional.<\/li>\n \t<li><strong>Acceso a nuevas oportunidades de publicaci\u00f3n:<\/strong> En ocasiones, los derechos\nde un libro se pueden comprar para ser adecuados a otros formatos, como\nadaptaciones teatrales, c\u00f3mics, series de televisi\u00f3n, etc., lo que genera\nnuevas oportunidades de distribuci\u00f3n del contenido y de monetizaci\u00f3n.<\/li>\n<\/ul>\t\t\t\t                            <\/div>\n\t\t        \n                    <div id=\"cmo-aprovechar-el-catlogo-tab\" class=\"clearfix eael-tab-content-item inactive\" data-title-link=\"cmo-aprovechar-el-catlogo-tab\">\n\t\t\t\t        \t\t\t\t\t        <p style=\"text-align: justify; font-family: 'Helvetica'; font-size: 16px;\">Al incluir tus t\u00edtulos y obras en el Cat\u00e1logo, te beneficias directamente de la\ndifusi\u00f3n y promoci\u00f3n que la CANIEM realiza en las ferias del libro internacionales\nen las que participa, a las que asisten diversos actores de la industria editorial,\ndesde agentes literarios hasta editoriales en busca de ampliar su oferta.\n\nTambi\u00e9n hay otras maneras en que t\u00fa puedes aprovechar el cat\u00e1logo: <\/p>\n<ul style=\"text-align: justify; font-family: 'Helvetica'; font-size: 16px;\">\n \t<li>Env\u00eda la secci\u00f3n de tu editorial a tu red de contactos, incluidos agentes\nliterarios, editoriales extranjeras y otros posibles compradores de derechos.<\/li>\n \t<li>Incluye en tus tarjetas de presentaci\u00f3n el enlace o c\u00f3digo QR que lleve a tu\nsegmento del cat\u00e1logo.<\/li>\n \t<li>Inserta la direcci\u00f3n electr\u00f3nica de tu cat\u00e1logo en tu firma de correo\nelectr\u00f3nico para dar visibilidad a tus t\u00edtulos disponibles para venta de\nderechos.<\/li>\n \t<li>Util\u00edzalo como promoci\u00f3n en redes sociales, boletines electr\u00f3nicos y otros\ncanales de comunicaci\u00f3n que utilicen en tu editorial.<\/li>\n \t<li>Pres\u00e9ntalo en tu estand de feria, ya sea en tableta o en pantalla. Tambi\u00e9n\npuedes colocar un c\u00f3digo QR que dirija a los interesados a tu cat\u00e1logo.\nPara obtener el m\u00e1ximo beneficio debes tener actualizado tus t\u00edtulos y llenar todos\nlos datos que te solicitamos.<\/li>\n<\/ul>\t\t\t\t                            <\/div>\n\t\t                    <\/div>\n        <\/div>\n\t\t<\/div>\n\t\t\t\t<\/div>\n\t\t\t\t<div class=\"elementor-element elementor-element-e95daa6 elementor-widget elementor-widget-text-editor\" data-id=\"e95daa6\" data-element_type=\"widget\" data-widget_type=\"text-editor.default\">\n\t\t\t\t<div class=\"elementor-widget-container\">\n\t\t\t<style>\/*! elementor - v3.22.0 - 26-06-2024 *\/\n.elementor-widget-text-editor.elementor-drop-cap-view-stacked .elementor-drop-cap{background-color:#69727d;color:#fff}.elementor-widget-text-editor.elementor-drop-cap-view-framed .elementor-drop-cap{color:#69727d;border:3px solid;background-color:transparent}.elementor-widget-text-editor:not(.elementor-drop-cap-view-default) .elementor-drop-cap{margin-top:8px}.elementor-widget-text-editor:not(.elementor-drop-cap-view-default) .elementor-drop-cap-letter{width:1em;height:1em}.elementor-widget-text-editor .elementor-drop-cap{float:left;text-align:center;line-height:1;font-size:50px}.elementor-widget-text-editor .elementor-drop-cap-letter{display:inline-block}<\/style>\t\t\t\t<p style=\"text-align: justify; font-family: 'Helvetica'; font-size: 16px;\"><strong>Conoce el Cat\u00e1logo de venta de derechos CANIEM en:<\/strong> <a href=\"https:\/\/bit.ly\/46Kbei4\">https:\/\/bit.ly\/46Kbei4<\/a><\/p>\n&nbsp;\n\nSi deseas ampliar la informaci\u00f3n, puedes contactar directamente con Claudia\nAlcal\u00e1 en el correo: <a style=\"font-weight: bold;\" href=\"mailto:estadistica@caniem.com\">estadistica@caniem.com<\/a>\t\t\t\t\t\t<\/div>\n\t\t\t\t<\/div>\n\t\t\t\t\t<\/div>\n\t\t<\/div>\n\t\t\t\t\t<\/div>\n\t\t<\/section>\n\t\t\t\t<section class=\"elementor-section elementor-top-section elementor-element elementor-element-a569cc6 elementor-section-boxed elementor-section-height-default elementor-section-height-default\" data-id=\"a569cc6\" data-element_type=\"section\">\n\t\t\t\t\t\t<div class=\"elementor-container elementor-column-gap-default\">\n\t\t\t\t\t<div class=\"elementor-column elementor-col-100 elementor-top-column elementor-element elementor-element-3edc811\" data-id=\"3edc811\" data-element_type=\"column\">\n\t\t\t<div class=\"elementor-widget-wrap\">\n\t\t\t\t\t\t\t<\/div>\n\t\t<\/div>\n\t\t\t\t\t<\/div>\n\t\t<\/section>\n\t\t\t\t<\/div>\n\t\t","protected":false},"excerpt":{"rendered":"<p>\u00bfQu\u00e9 es? \u00bfD\u00f3nde se promueve? \u00bfPor qu\u00e9 participar? \u00bfC\u00f3mo aprovechar el Cat\u00e1logo? El Cat\u00e1logo de venta de derechos CANIEM concentra la informaci\u00f3n clave de las obras, editadas por nuestros afiliados, que est\u00e1n disponibles para su comercializaci\u00f3n, traducci\u00f3n y adaptaciones a otros formatos en M\u00e9xico y el extranjero. Este cat\u00e1logo re\u00fane informaci\u00f3n estrat\u00e9gica que nos permite &hellip;<\/p>\n<p class=\"read-more\"> <a class=\" thunk-readmore button \" href=\"https:\/\/www.caniem.org\/catalogo-venta-derechos\/acerca-de\/\"> <span class=\"screen-reader-text\">Acerca de<\/span>Leer m\u00e1s<\/a><\/p>\n","protected":false},"author":1,"featured_media":0,"parent":0,"menu_order":0,"comment_status":"closed","ping_status":"closed","template":"elementor_header_footer","meta":{"_coblocks_attr":"","_coblocks_dimensions":"","_coblocks_responsive_height":"","_coblocks_accordion_ie_support":"","footnotes":""},"_links":{"self":[{"href":"https:\/\/www.caniem.org\/catalogo-venta-derechos\/wp-json\/wp\/v2\/pages\/1766"}],"collection":[{"href":"https:\/\/www.caniem.org\/catalogo-venta-derechos\/wp-json\/wp\/v2\/pages"}],"about":[{"href":"https:\/\/www.caniem.org\/catalogo-venta-derechos\/wp-json\/wp\/v2\/types\/page"}],"author":[{"embeddable":true,"href":"https:\/\/www.caniem.org\/catalogo-venta-derechos\/wp-json\/wp\/v2\/users\/1"}],"replies":[{"embeddable":true,"href":"https:\/\/www.caniem.org\/catalogo-venta-derechos\/wp-json\/wp\/v2\/comments?post=1766"}],"version-history":[{"count":46,"href":"https:\/\/www.caniem.org\/catalogo-venta-derechos\/wp-json\/wp\/v2\/pages\/1766\/revisions"}],"predecessor-version":[{"id":1936,"href":"https:\/\/www.caniem.org\/catalogo-venta-derechos\/wp-json\/wp\/v2\/pages\/1766\/revisions\/1936"}],"wp:attachment":[{"href":"https:\/\/www.caniem.org\/catalogo-venta-derechos\/wp-json\/wp\/v2\/media?parent=1766"}],"curies":[{"name":"wp","href":"https:\/\/api.w.org\/{rel}","templated":true}]}}